{"id":1273,"date":"2021-04-19T18:44:29","date_gmt":"2021-04-19T16:44:29","guid":{"rendered":"https:\/\/www.kaffeeberlin.com\/?page_id=1273"},"modified":"2021-04-19T18:44:42","modified_gmt":"2021-04-19T16:44:42","slug":"mentions-legales","status":"publish","type":"page","link":"https:\/\/www.kaffeeberlin.com\/index.php\/mentions-legales\/","title":{"rendered":"Mentions l\u00e9gales"},"content":{"rendered":"<p>[vc_row][vc_column][trx_title type=\u00a0\u00bb4&Prime; top=\u00a0\u00bbnull\u00a0\u00bb bottom=\u00a0\u00bbtiny\u00a0\u00bb]<\/p>\n<p style=\"text-align: center;\"><b>Mentions l\u00e9gales<\/b><\/p>\n<p>[\/trx_title][vc_empty_space][vc_column_text]<\/p>\n<p style=\"text-align: center;\"><strong>Merci pour votre visite sur le site www.kaffeeberlin.com<\/strong><\/p>\n<p style=\"text-align: center;\">Ci-dessous, vous trouverez le d\u00e9tail de notre politique concernant le traitement des donn\u00e9es personnelles que nous vous invitons \u00e0 lire attentivement. En visitant notre site, vous acceptez les diff\u00e9rentes mentions situ\u00e9es ci-dessous. Le site <strong>www.kaffeeberlin.com<\/strong> est destin\u00e9 \u00e0 fins informatives aupr\u00e8s des internautes qui le consulte.<\/p>\n<p>&nbsp;<\/p>\n<p style=\"text-align: center;\">Les conditions g\u00e9n\u00e9rales du site ainsi que le site en lui-m\u00eame sont soumis au droit fran\u00e7ais et par cons\u00e9quent r\u00e9dig\u00e9s en fran\u00e7ais.<\/p>\n<p style=\"text-align: center;\">Le site Internet <strong>www.kaffeeberlin.com<\/strong>\u00a0et les pr\u00e9sentes conditions g\u00e9n\u00e9rales sont soumises au droit fran\u00e7ais et sont r\u00e9dig\u00e9es en fran\u00e7ais.<br \/>\nLes pr\u00e9sentes mentions peuvent \u00eatre modifi\u00e9es \u00e0 tout moment, il en va de la responsabilit\u00e9 de l\u2019utilisateur de consulter cette page r\u00e9guli\u00e8rement.<\/p>\n<p style=\"text-align: center;\">De nombreux \u00e9l\u00e9ments du site <strong>www.kaffeeberlin.com<\/strong>\u00a0sont prot\u00e9g\u00e9s par la l\u00e9gislation sur le droit d\u2019auteur (notamment pour les photographies, dessin, graphisme et autre s\u00e9quences anim\u00e9es), la l\u00e9gislation sur les dessins et mod\u00e8les ainsi que par la l\u00e9gislation sur les marques.<\/p>\n<p style=\"text-align: center;\">La navigation sur le site <strong>www.kaffeeberlin.com<\/strong>. peut se faire sans que vous ayez \u00e0 nous fournir des informations \u00e0 caract\u00e8re personnel ainsi que votre identit\u00e9.<br \/>\nLes informations collect\u00e9es par le Kaffee Berlin sur le site internet <strong>www.kaffeeberlin.com<\/strong>.\u00a0sont destin\u00e9es uniquement \u00e0 un usage interne. Ces donn\u00e9es sont confidentielles et trait\u00e9es de la sorte. Le Kaffee Berlin s\u2019engage \u00e0 respecter votre vie priv\u00e9e ainsi que les informations communiqu\u00e9es lors de votre navigation sur le site <strong>www.kaffeeberlin.com<\/strong>.<\/p>\n<p style=\"text-align: center;\">Ces \u00e9l\u00e9ments sont la propri\u00e9t\u00e9 de Kaffee Berlin et\/ou du tiers ayant donn\u00e9 son autorisation pour exploitation sur le site <strong>www.kaffeeberlin.com<\/strong>.<br \/>\nSont interdites toutes reproductions, repr\u00e9sentation, utilisation, adaptation, modification, incorporation, traduction, commercialisation, partielles ou totales, tout support et proc\u00e9d\u00e9 confondus sans l\u2019autorisation \u00e9crite pr\u00e9alable du Kaffee Berlin hormis les exceptions vis\u00e9es \u00e0 l\u2019article L 122.5 du Code de la Propri\u00e9t\u00e9 Intellectuelle, sous peine de constituer un d\u00e9lit de contrefa\u00e7on de droit d\u2019auteur et\/ou de dessins et mod\u00e8les et\/ou de marque, puni de deux ans d\u2019emprisonnement et de 150 000\u20ac d\u2019amende.<\/p>\n<p style=\"text-align: center;\">La soci\u00e9t\u00e9 Kaffee Berlin ne pourra \u00eatre tenu pour responsable de dommages directs (ou indirects) tels que : pr\u00e9judice mat\u00e9riel, perte de donn\u00e9es ou de programme, pr\u00e9judice financier, r\u00e9sultant de l\u2019utilisation de ce site ou de sites qui lui sont li\u00e9s. Vous utilisez le site <strong>www.kaffeeberlin.com<\/strong>\u00a0sous votre enti\u00e8re responsabilit\u00e9.<\/p>\n<p>[\/vc_column_text][\/vc_column][\/vc_row][vc_row full_width=\u00a0\u00bbstretch_row_content\u00a0\u00bb][vc_column][trx_googlemap zoom=\u00a0\u00bb13&Prime; style=\u00a0\u00bbsimple\u00a0\u00bb height=\u00a0\u00bb385&Prime;][trx_googlemap_marker address=\u00a0\u00bb4, Rue Tupin 69002 LYON\u00a0\u00bb point=\u00a0\u00bb836&Prime;][\/trx_googlemap_marker][trx_googlemap_marker address=\u00a0\u00bb3 Avenue G\u00e9n\u00e9ral Brosset 69006 LYON\u00a0\u00bb point=\u00a0\u00bb836&Prime;][\/trx_googlemap_marker][trx_googlemap_marker address=\u00a0\u00bb26, Cours Albert Thomas 69008 LYON\u00a0\u00bb point=\u00a0\u00bb836&Prime;][\/trx_googlemap_marker][\/trx_googlemap][\/vc_column][\/vc_row]<\/p>\n","protected":false},"excerpt":{"rendered":"<p>[vc_row][vc_column][trx_title type=\u00a0\u00bb4&Prime; top=\u00a0\u00bbnull\u00a0\u00bb bottom=\u00a0\u00bbtiny\u00a0\u00bb] Mentions l\u00e9gales [\/trx_title][vc_empty_space][vc_column_text] Merci pour votre visite sur le site www.kaffeeberlin.com Ci-dessous, vous trouverez le d\u00e9tail de notre politique concernant le traitement des donn\u00e9es personnelles que nous vous invitons \u00e0 lire attentivement. En visitant notre site, [&hellip;]<\/p>\n","protected":false},"author":6,"featured_media":0,"parent":0,"menu_order":0,"comment_status":"closed","ping_status":"closed","template":"","meta":{"footnotes":""},"class_list":["post-1273","page","type-page","status-publish","hentry"],"_links":{"self":[{"href":"https:\/\/www.kaffeeberlin.com\/index.php\/wp-json\/wp\/v2\/pages\/1273","targetHints":{"allow":["GET"]}}],"collection":[{"href":"https:\/\/www.kaffeeberlin.com\/index.php\/wp-json\/wp\/v2\/pages"}],"about":[{"href":"https:\/\/www.kaffeeberlin.com\/index.php\/wp-json\/wp\/v2\/types\/page"}],"author":[{"embeddable":true,"href":"https:\/\/www.kaffeeberlin.com\/index.php\/wp-json\/wp\/v2\/users\/6"}],"replies":[{"embeddable":true,"href":"https:\/\/www.kaffeeberlin.com\/index.php\/wp-json\/wp\/v2\/comments?post=1273"}],"version-history":[{"count":2,"href":"https:\/\/www.kaffeeberlin.com\/index.php\/wp-json\/wp\/v2\/pages\/1273\/revisions"}],"predecessor-version":[{"id":1275,"href":"https:\/\/www.kaffeeberlin.com\/index.php\/wp-json\/wp\/v2\/pages\/1273\/revisions\/1275"}],"wp:attachment":[{"href":"https:\/\/www.kaffeeberlin.com\/index.php\/wp-json\/wp\/v2\/media?parent=1273"}],"curies":[{"name":"wp","href":"https:\/\/api.w.org\/{rel}","templated":true}]}}